



{"id":57953,"date":"2021-12-01T05:38:09","date_gmt":"2021-12-01T05:38:09","guid":{"rendered":"https:\/\/www.mydigicode.com\/terms-of-use\/"},"modified":"2026-02-20T08:52:31","modified_gmt":"2026-02-20T08:52:31","slug":"terms-of-use","status":"publish","type":"page","link":"https:\/\/www.mydigicode.com\/de\/terms-of-use\/","title":{"rendered":"Terms of Use"},"content":{"rendered":"\r\n<section class=\"case-study-simple-text-block-wrap  margin-top-70 with-mobile-indents mobile-margin-top-40 term-of-service-padding\">\r\n\r\n    <div class=\"case-study-simple-text-block\">\r\n\r\n        <h1 class=\"common-fonts title-48 margin-bottom-52 text-wrap-pretty\">Nutzungsbedingungen<\/h1>\n<h2 class=\"common-fonts title-36 margin-top-50 with-mobile-indents mobile-margin-top-30 text-wrap-pretty\">1. Bedingungen<\/h2>\n<p class=\"text-wrap-pretty\">Durch den Zugriff auf die Website MyDigicode.com stimmen Sie zu, an diese Nutzungsbedingungen, alle geltenden Gesetze und Vorschriften gebunden zu sein, und erkl\u00e4ren sich damit einverstanden, dass Sie f\u00fcr die Einhaltung aller anwendbaren \u00f6rtlichen Gesetze verantwortlich sind. Wenn Sie mit einer dieser Bedingungen nicht einverstanden sind, ist es Ihnen untersagt, diese Website zu nutzen oder darauf zuzugreifen. Die auf dieser Website enthaltenen Materialien sind durch geltendes Urheber- und Markenrecht gesch\u00fctzt.<\/p>\n<h2 class=\"common-fonts title-36 margin-top-50 with-mobile-indents mobile-margin-top-30 text-wrap-pretty\">2. Nutzungslizenz<\/h2>\n<p class=\"text-wrap-pretty\">Es wird die Erlaubnis erteilt, vor\u00fcbergehend eine Kopie der Materialien (Informationen oder Software) auf der Website von Digicode nur f\u00fcr pers\u00f6nliche, nicht kommerzielle, vor\u00fcbergehende Ansicht herunterzuladen. Dies ist die Gew\u00e4hrung einer Lizenz, kein Eigentums\u00fcbergang, und unter dieser Lizenz d\u00fcrfen Sie nicht: die Materialien \u00e4ndern oder kopieren; die Materialien f\u00fcr kommerzielle Zwecke oder f\u00fcr \u00f6ffentliche Darstellungen (kommerziell oder nicht kommerziell) verwenden; versuchen, Software auf der Website von Digicode zu dekompilieren oder zur\u00fcckzuentwickeln; Urheberrechts- oder andere Eigentumshinweise von den Materialien entfernen; oder die Materialien an eine andere Person weitergeben oder die Materialien auf einem anderen Server \u201espiegeln\u201c. Diese Lizenz endet automatisch, wenn Sie gegen eine dieser Einschr\u00e4nkungen versto\u00dfen, und kann von Digicode jederzeit beendet werden. Nach Beendigung der Ansicht dieser Materialien oder der Lizenz m\u00fcssen Sie alle heruntergeladenen Materialien in Ihrem Besitz, ob elektronisch oder in gedruckter Form, vernichten.<\/p>\n<h2 class=\"common-fonts title-36 margin-top-50 with-mobile-indents mobile-margin-top-30 text-wrap-pretty\">3. Haftungsausschluss<\/h2>\n<p class=\"text-wrap-pretty\">Die Materialien auf der Website von Digicode werden \u201ewie besehen\u201c bereitgestellt. Digicode gibt keine ausdr\u00fccklichen oder stillschweigenden Garantien und lehnt hiermit alle anderen Garantien ab, einschlie\u00dflich, aber nicht beschr\u00e4nkt auf stillschweigende Garantien oder Bedingungen der Marktg\u00e4ngigkeit, Eignung f\u00fcr einen bestimmten Zweck oder Nichtverletzung von geistigem Eigentum oder anderen Rechten.<\/p>\n<p class=\"text-wrap-pretty\">Dar\u00fcber hinaus \u00fcbernimmt Digicode keine Gew\u00e4hrleistung oder Zusicherung bez\u00fcglich der Genauigkeit, der zu erwartenden Ergebnisse oder der Zuverl\u00e4ssigkeit der Nutzung der Materialien auf der Website oder in Bezug auf solche Materialien oder auf verlinkten Websites.<\/p>\n<h2 class=\"common-fonts title-36 margin-top-50 with-mobile-indents mobile-margin-top-30 text-wrap-pretty\">4. Einschr\u00e4nkungen<\/h2>\n<p class=\"text-wrap-pretty\">In keinem Fall haften Digicode oder seine Lieferanten f\u00fcr Sch\u00e4den (einschlie\u00dflich, aber nicht beschr\u00e4nkt auf Sch\u00e4den durch Datenverlust oder entgangenen Gewinn oder aufgrund von Betriebsunterbrechungen), die sich aus der Nutzung oder Unf\u00e4higkeit zur Nutzung der Materialien auf der Website von Digicode ergeben, selbst wenn Digicode oder ein autorisierter Vertreter von Digicode m\u00fcndlich oder schriftlich \u00fcber die M\u00f6glichkeit solcher Sch\u00e4den informiert wurde. Da einige Rechtsordnungen Einschr\u00e4nkungen f\u00fcr stillschweigende Garantien oder Haftungsbeschr\u00e4nkungen f\u00fcr Folgesch\u00e4den oder Nebensch\u00e4den nicht zulassen, gelten diese Einschr\u00e4nkungen m\u00f6glicherweise nicht f\u00fcr Sie.<\/p>\n<h2 class=\"common-fonts title-36 margin-top-50 with-mobile-indents mobile-margin-top-30 text-wrap-pretty\">5. Genauigkeit der Materialien<\/h2>\n<p class=\"text-wrap-pretty\">Die auf der Website von Digicode angezeigten Materialien k\u00f6nnen technische, typografische oder fotografische Fehler enthalten. Digicode gew\u00e4hrleistet nicht, dass die Materialien auf der Website korrekt, vollst\u00e4ndig oder aktuell sind. Digicode kann jederzeit \u00c4nderungen an den auf der Website enthaltenen Materialien vornehmen, ohne vorherige Ank\u00fcndigung. Eine Verpflichtung zur Aktualisierung der Materialien besteht jedoch nicht.<\/p>\n<h2 class=\"common-fonts title-36 margin-top-50 with-mobile-indents mobile-margin-top-30 text-wrap-pretty\">6. Links<\/h2>\n<p class=\"text-wrap-pretty\">Digicode hat nicht alle Websites \u00fcberpr\u00fcft, die mit seiner Website verlinkt sind, und ist nicht verantwortlich f\u00fcr die Inhalte solcher verlinkten Websites. Die Aufnahme eines Links bedeutet keine Bef\u00fcrwortung der verlinkten Website durch Digicode. Die Nutzung einer solchen verlinkten Website erfolgt auf eigenes Risiko des Benutzers.<\/p>\n<h2 class=\"common-fonts title-36 margin-top-50 with-mobile-indents mobile-margin-top-30 text-wrap-pretty\">7. \u00c4nderungen<\/h2>\n<p class=\"text-wrap-pretty\">Digicode kann diese Nutzungsbedingungen f\u00fcr seine Website jederzeit ohne vorherige Ank\u00fcndigung \u00fcberarbeiten. Durch die Nutzung dieser Website stimmen Sie zu, an die jeweils aktuelle Version dieser Nutzungsbedingungen gebunden zu sein.<\/p>\n<h2 class=\"common-fonts title-36 margin-top-50 with-mobile-indents mobile-margin-top-30 text-wrap-pretty\">8. Anwendbares Recht<\/h2>\n<p class=\"text-wrap-pretty\">Diese Bedingungen unterliegen den Gesetzen des Bundesstaates Texas, USA, und sind nach diesen auszulegen. Sie unterwerfen sich unwiderruflich der ausschlie\u00dflichen Zust\u00e4ndigkeit der Gerichte dieses Bundesstaates oder Standorts.<\/p>\n\r\n    <\/div>\r\n\r\n<\/section>","protected":false},"excerpt":{"rendered":"","protected":false},"author":2,"featured_media":0,"parent":0,"menu_order":0,"comment_status":"closed","ping_status":"closed","template":"","meta":{"_acf_changed":true,"footnotes":""},"class_list":["post-57953","page","type-page","status-publish"],"acf":[],"yoast_head":"<!-- This site is optimized with the Yoast SEO plugin v27.2 - https:\/\/yoast.com\/product\/yoast-seo-wordpress\/ -->\n<title>Nutzungsbedingungen von MyDigicode: Ihr Leitfaden<\/title>\n<meta name=\"description\" content=\"Bleiben Sie informiert und gesch\u00fctzt mit unseren Nutzungsbedingungen. Erfahren Sie, wie Sie unsere Services nutzen, Ihre Rechte wahren und Datenschutzbestimmungen einhalten.\" \/>\n<meta name=\"robots\" content=\"index, follow, max-snippet:-1, max-image-preview:large, max-video-preview:-1\" \/>\n<link rel=\"canonical\" href=\"https:\/\/www.mydigicode.com\/de\/terms-of-use\/\" \/>\n<meta property=\"og:locale\" content=\"de_DE\" \/>\n<meta property=\"og:type\" content=\"article\" \/>\n<meta property=\"og:title\" content=\"Nutzungsbedingungen von MyDigicode: Ihr Leitfaden\" \/>\n<meta property=\"og:description\" content=\"Bleiben Sie informiert und gesch\u00fctzt mit unseren Nutzungsbedingungen. Erfahren Sie, wie Sie unsere Services nutzen, Ihre Rechte wahren und Datenschutzbestimmungen einhalten.\" \/>\n<meta property=\"og:url\" content=\"https:\/\/www.mydigicode.com\/de\/terms-of-use\/\" \/>\n<meta property=\"og:site_name\" content=\"Digicode\" \/>\n<meta property=\"article:publisher\" content=\"https:\/\/www.facebook.com\/mydigicodeus\/\" \/>\n<meta property=\"article:modified_time\" content=\"2026-02-20T08:52:31+00:00\" \/>\n<meta property=\"og:image\" content=\"https:\/\/www.mydigicode.com\/wp-content\/uploads\/2025\/04\/Digicode_Logo_New.png\" \/>\n\t<meta property=\"og:image:width\" content=\"135\" \/>\n\t<meta property=\"og:image:height\" content=\"135\" \/>\n\t<meta property=\"og:image:type\" content=\"image\/png\" \/>\n<meta name=\"twitter:card\" content=\"summary_large_image\" \/>\n<meta name=\"twitter:site\" content=\"@my_digicode\" \/>\n<script type=\"application\/ld+json\" class=\"yoast-schema-graph\">{\"@context\":\"https:\/\/schema.org\",\"@graph\":[{\"@type\":\"WebPage\",\"@id\":\"https:\/\/www.mydigicode.com\/de\/terms-of-use\/\",\"url\":\"https:\/\/www.mydigicode.com\/de\/terms-of-use\/\",\"name\":\"Nutzungsbedingungen von MyDigicode: Ihr Leitfaden\",\"isPartOf\":{\"@id\":\"https:\/\/www.mydigicode.com\/de\/#website\"},\"datePublished\":\"2021-12-01T05:38:09+00:00\",\"dateModified\":\"2026-02-20T08:52:31+00:00\",\"description\":\"Bleiben Sie informiert und gesch\u00fctzt mit unseren Nutzungsbedingungen. Erfahren Sie, wie Sie unsere Services nutzen, Ihre Rechte wahren und Datenschutzbestimmungen einhalten.\",\"breadcrumb\":{\"@id\":\"https:\/\/www.mydigicode.com\/de\/terms-of-use\/#breadcrumb\"},\"inLanguage\":\"de\",\"potentialAction\":[{\"@type\":\"ReadAction\",\"target\":[\"https:\/\/www.mydigicode.com\/de\/terms-of-use\/\"]}]},{\"@type\":\"BreadcrumbList\",\"@id\":\"https:\/\/www.mydigicode.com\/de\/terms-of-use\/#breadcrumb\",\"itemListElement\":[{\"@type\":\"ListItem\",\"position\":1,\"name\":\"Home\",\"item\":\"https:\/\/www.mydigicode.com\/de\/\"},{\"@type\":\"ListItem\",\"position\":2,\"name\":\"Terms of Use\"}]},{\"@type\":\"WebSite\",\"@id\":\"https:\/\/www.mydigicode.com\/de\/#website\",\"url\":\"https:\/\/www.mydigicode.com\/de\/\",\"name\":\"Digicode\",\"description\":\"\",\"publisher\":{\"@id\":\"https:\/\/www.mydigicode.com\/de\/#organization\"},\"potentialAction\":[{\"@type\":\"SearchAction\",\"target\":{\"@type\":\"EntryPoint\",\"urlTemplate\":\"https:\/\/www.mydigicode.com\/de\/?s={search_term_string}\"},\"query-input\":{\"@type\":\"PropertyValueSpecification\",\"valueRequired\":true,\"valueName\":\"search_term_string\"}}],\"inLanguage\":\"de\"},{\"@type\":\"Organization\",\"@id\":\"https:\/\/www.mydigicode.com\/de\/#organization\",\"name\":\"Digicode\",\"url\":\"https:\/\/www.mydigicode.com\/de\/\",\"logo\":{\"@type\":\"ImageObject\",\"inLanguage\":\"de\",\"@id\":\"https:\/\/www.mydigicode.com\/de\/#\/schema\/logo\/image\/\",\"url\":\"https:\/\/www.mydigicode.com\/wp-content\/uploads\/2022\/04\/Digicode.png\",\"contentUrl\":\"https:\/\/www.mydigicode.com\/wp-content\/uploads\/2022\/04\/Digicode.png\",\"width\":1134,\"height\":1134,\"caption\":\"Digicode\"},\"image\":{\"@id\":\"https:\/\/www.mydigicode.com\/de\/#\/schema\/logo\/image\/\"},\"sameAs\":[\"https:\/\/www.facebook.com\/mydigicodeus\/\",\"https:\/\/x.com\/my_digicode\",\"https:\/\/www.linkedin.com\/company\/digicode\",\"https:\/\/www.instagram.com\/my_digicode\",\"https:\/\/bsky.app\/profile\/mydigicode.bsky.social\"]}]}<\/script>\n<!-- \/ Yoast SEO plugin. -->","yoast_head_json":{"title":"Nutzungsbedingungen von MyDigicode: Ihr Leitfaden","description":"Bleiben Sie informiert und gesch\u00fctzt mit unseren Nutzungsbedingungen. Erfahren Sie, wie Sie unsere Services nutzen, Ihre Rechte wahren und Datenschutzbestimmungen einhalten.","robots":{"index":"index","follow":"follow","max-snippet":"max-snippet:-1","max-image-preview":"max-image-preview:large","max-video-preview":"max-video-preview:-1"},"canonical":"https:\/\/www.mydigicode.com\/de\/terms-of-use\/","og_locale":"de_DE","og_type":"article","og_title":"Nutzungsbedingungen von MyDigicode: Ihr Leitfaden","og_description":"Bleiben Sie informiert und gesch\u00fctzt mit unseren Nutzungsbedingungen. Erfahren Sie, wie Sie unsere Services nutzen, Ihre Rechte wahren und Datenschutzbestimmungen einhalten.","og_url":"https:\/\/www.mydigicode.com\/de\/terms-of-use\/","og_site_name":"Digicode","article_publisher":"https:\/\/www.facebook.com\/mydigicodeus\/","article_modified_time":"2026-02-20T08:52:31+00:00","og_image":[{"width":135,"height":135,"url":"https:\/\/www.mydigicode.com\/wp-content\/uploads\/2025\/04\/Digicode_Logo_New.png","type":"image\/png"}],"twitter_card":"summary_large_image","twitter_site":"@my_digicode","schema":{"@context":"https:\/\/schema.org","@graph":[{"@type":"WebPage","@id":"https:\/\/www.mydigicode.com\/de\/terms-of-use\/","url":"https:\/\/www.mydigicode.com\/de\/terms-of-use\/","name":"Nutzungsbedingungen von MyDigicode: Ihr Leitfaden","isPartOf":{"@id":"https:\/\/www.mydigicode.com\/de\/#website"},"datePublished":"2021-12-01T05:38:09+00:00","dateModified":"2026-02-20T08:52:31+00:00","description":"Bleiben Sie informiert und gesch\u00fctzt mit unseren Nutzungsbedingungen. Erfahren Sie, wie Sie unsere Services nutzen, Ihre Rechte wahren und Datenschutzbestimmungen einhalten.","breadcrumb":{"@id":"https:\/\/www.mydigicode.com\/de\/terms-of-use\/#breadcrumb"},"inLanguage":"de","potentialAction":[{"@type":"ReadAction","target":["https:\/\/www.mydigicode.com\/de\/terms-of-use\/"]}]},{"@type":"BreadcrumbList","@id":"https:\/\/www.mydigicode.com\/de\/terms-of-use\/#breadcrumb","itemListElement":[{"@type":"ListItem","position":1,"name":"Home","item":"https:\/\/www.mydigicode.com\/de\/"},{"@type":"ListItem","position":2,"name":"Terms of Use"}]},{"@type":"WebSite","@id":"https:\/\/www.mydigicode.com\/de\/#website","url":"https:\/\/www.mydigicode.com\/de\/","name":"Digicode","description":"","publisher":{"@id":"https:\/\/www.mydigicode.com\/de\/#organization"},"potentialAction":[{"@type":"SearchAction","target":{"@type":"EntryPoint","urlTemplate":"https:\/\/www.mydigicode.com\/de\/?s={search_term_string}"},"query-input":{"@type":"PropertyValueSpecification","valueRequired":true,"valueName":"search_term_string"}}],"inLanguage":"de"},{"@type":"Organization","@id":"https:\/\/www.mydigicode.com\/de\/#organization","name":"Digicode","url":"https:\/\/www.mydigicode.com\/de\/","logo":{"@type":"ImageObject","inLanguage":"de","@id":"https:\/\/www.mydigicode.com\/de\/#\/schema\/logo\/image\/","url":"https:\/\/www.mydigicode.com\/wp-content\/uploads\/2022\/04\/Digicode.png","contentUrl":"https:\/\/www.mydigicode.com\/wp-content\/uploads\/2022\/04\/Digicode.png","width":1134,"height":1134,"caption":"Digicode"},"image":{"@id":"https:\/\/www.mydigicode.com\/de\/#\/schema\/logo\/image\/"},"sameAs":["https:\/\/www.facebook.com\/mydigicodeus\/","https:\/\/x.com\/my_digicode","https:\/\/www.linkedin.com\/company\/digicode","https:\/\/www.instagram.com\/my_digicode","https:\/\/bsky.app\/profile\/mydigicode.bsky.social"]}]}},"_links":{"self":[{"href":"https:\/\/www.mydigicode.com\/de\/wp-json\/wp\/v2\/pages\/57953","targetHints":{"allow":["GET"]}}],"collection":[{"href":"https:\/\/www.mydigicode.com\/de\/wp-json\/wp\/v2\/pages"}],"about":[{"href":"https:\/\/www.mydigicode.com\/de\/wp-json\/wp\/v2\/types\/page"}],"author":[{"embeddable":true,"href":"https:\/\/www.mydigicode.com\/de\/wp-json\/wp\/v2\/users\/2"}],"replies":[{"embeddable":true,"href":"https:\/\/www.mydigicode.com\/de\/wp-json\/wp\/v2\/comments?post=57953"}],"version-history":[{"count":0,"href":"https:\/\/www.mydigicode.com\/de\/wp-json\/wp\/v2\/pages\/57953\/revisions"}],"wp:attachment":[{"href":"https:\/\/www.mydigicode.com\/de\/wp-json\/wp\/v2\/media?parent=57953"}],"curies":[{"name":"wp","href":"https:\/\/api.w.org\/{rel}","templated":true}]}}