



{"id":57951,"date":"2021-10-28T11:34:45","date_gmt":"2021-10-28T11:34:45","guid":{"rendered":"https:\/\/www.mydigicode.com\/privacy-policy\/"},"modified":"2026-02-20T08:51:30","modified_gmt":"2026-02-20T08:51:30","slug":"privacy-policy","status":"publish","type":"page","link":"https:\/\/www.mydigicode.com\/de\/privacy-policy\/","title":{"rendered":"Privacy Policy"},"content":{"rendered":"\r\n<section class=\"case-study-simple-text-block-wrap  margin-top-70 with-mobile-indents mobile-margin-top-40\">\r\n\r\n    <div class=\"case-study-simple-text-block\">\r\n\r\n        <h1 class=\"common-fonts title-48 text-wrap-pretty\">Datenschutzerkl\u00e4rung<br \/>\nf\u00fcr Digicode<\/h1>\n<p class=\"text-wrap-pretty\">Bei Digicode, erreichbar unter <a href=\"https:\/\/www.mydigicode.com\/\" target=\"_blank\" rel=\"noopener\">https:\/\/www.mydigicode.com\/<\/a>, hat der Schutz der Privatsph\u00e4re unserer Besucher h\u00f6chste Priorit\u00e4t. Dieses Dokument zur Datenschutzerkl\u00e4rung enth\u00e4lt die Arten von Informationen, die von Digicode gesammelt und aufgezeichnet werden, sowie die Verwendung dieser Informationen. Es beschreibt au\u00dferdem, wie Sie die Erhebung, Korrektur und\/oder L\u00f6schung von Informationen kontrollieren k\u00f6nnen und wie Sie uns kontaktieren k\u00f6nnen, falls erforderlich.<\/p>\n<p class=\"text-wrap-pretty\">Wenn Sie weitere Fragen haben oder zus\u00e4tzliche Informationen zu unserer Datenschutzerkl\u00e4rung ben\u00f6tigen, z\u00f6gern Sie bitte nicht, uns zu kontaktieren.<\/p>\n<p class=\"text-wrap-pretty\">Diese Datenschutzerkl\u00e4rung gilt ausschlie\u00dflich f\u00fcr unsere Online-Aktivit\u00e4ten und ist g\u00fcltig f\u00fcr Besucher unserer Website in Bezug auf die Informationen, die sie geteilt und\/oder in Digicode gesammelt haben. Diese Richtlinie gilt nicht f\u00fcr Informationen, die offline oder \u00fcber andere Kan\u00e4le als diese Website gesammelt wurden. Unsere Datenschutzerkl\u00e4rung wurde mit Hilfe des Free Privacy Policy Generators erstellt.<\/p>\n<p class=\"text-wrap-pretty\">Bitte lesen Sie diese Datenschutzerkl\u00e4rung sorgf\u00e4ltig, um unsere Ansichten und Praktiken in Bezug auf Ihre pers\u00f6nlichen Daten zu verstehen, bevor Sie diese Website nutzen.<\/p>\n<h2 class=\"common-fonts title-36 margin-top-50 with-mobile-indents mobile-margin-top-30 text-wrap-pretty\">Version<\/h2>\n<p class=\"text-wrap-pretty\">Diese Version der Datenschutzerkl\u00e4rung wurde am 16.01.2023 ver\u00f6ffentlicht<\/p>\n<h2 class=\"common-fonts title-36 margin-top-50 with-mobile-indents mobile-margin-top-30 text-wrap-pretty\">Einwilligung<\/h2>\n<p class=\"text-wrap-pretty\">Durch die Nutzung unserer Website stimmen Sie hiermit unserer Datenschutzerkl\u00e4rung zu und akzeptieren deren Bedingungen.<\/p>\n<h2 class=\"common-fonts title-36 margin-top-50 with-mobile-indents mobile-margin-top-30 text-wrap-pretty\">Gesammelte Informationen<\/h2>\n<p class=\"text-wrap-pretty\">Die pers\u00f6nlichen Informationen, die Sie angeben sollen, und die Gr\u00fcnde daf\u00fcr, werden Ihnen deutlich gemacht, sobald wir diese Informationen von Ihnen anfordern.<\/p>\n<p class=\"text-wrap-pretty\">Wenn Sie uns direkt kontaktieren, k\u00f6nnen wir zus\u00e4tzliche Informationen \u00fcber Sie erhalten, wie z.\u202fB. Ihren Namen, Ihre E-Mail-Adresse, Telefonnummer, den Inhalt Ihrer Nachricht und\/oder Anh\u00e4nge, die Sie uns senden, sowie weitere Informationen, die Sie freiwillig bereitstellen.<\/p>\n<p class=\"text-wrap-pretty\">Wenn Sie ein Konto registrieren, k\u00f6nnen wir Ihre Kontaktdaten abfragen, einschlie\u00dflich Name, Firmenname, Adresse, E-Mail-Adresse und Telefonnummer.<\/p>\n<h2 class=\"common-fonts title-36 margin-top-50 with-mobile-indents mobile-margin-top-30 text-wrap-pretty\">Verwendung Ihrer Informationen<\/h2>\n<p class=\"text-wrap-pretty\">Wir verwenden die gesammelten Informationen auf verschiedene Weise, unter anderem um:<\/p>\n<ul>\n<li>unsere Website bereitzustellen, zu betreiben und zu warten<\/li>\n<li>die Website zu verbessern, zu personalisieren und zu erweitern<\/li>\n<li>zu verstehen und zu analysieren, wie Sie unsere Website nutzen<\/li>\n<li>neue Produkte, Dienstleistungen, Funktionen und Funktionalit\u00e4ten zu entwickeln<\/li>\n<li>mit Ihnen zu kommunizieren, direkt oder \u00fcber unsere Partner, einschlie\u00dflich Kundenservice, Bereitstellung von Updates und anderen Informationen zur Website sowie f\u00fcr Marketing- und Werbezwecke<\/li>\n<li>Ihnen E-Mails zu senden<\/li>\n<li>Betrug zu erkennen und zu verhindern<\/li>\n<\/ul>\n<h2 class=\"common-fonts title-36 margin-top-50 with-mobile-indents mobile-margin-top-30 text-wrap-pretty\">Datenverarbeitung und -\u00fcbertragung<\/h2>\n<p class=\"text-wrap-pretty\">In einigen F\u00e4llen k\u00f6nnen personenbezogene Daten bestimmten verantwortlichen Personen zug\u00e4nglich sein, die mit dem Betrieb der Website oder externen Parteien (wie Drittanbieter f\u00fcr technische Dienstleistungen, Hosting-Anbieter, Kommunikationsagenturen) beteiligt sind. Diese Drittparteien k\u00f6nnen im Rahmen der Erbringung dieser Dienstleistungen auf personenbezogene Daten zugreifen oder diese verarbeiten. Ihre von Digicode gesammelten Informationen k\u00f6nnen in Europa, den Vereinigten Staaten, der Ukraine oder in jedem anderen Land gespeichert und verarbeitet werden, in dem Digicode oder seine Tochtergesellschaften, Partner oder Dienstleister Einrichtungen unterhalten.<\/p>\n<p class=\"text-wrap-pretty\">Digicode kann Informationen, die wir \u00fcber Sie sammeln, einschlie\u00dflich personenbezogener Daten, an verbundene Unternehmen oder andere Drittparteien \u00fcber L\u00e4ndergrenzen hinweg \u00fcbertragen, von Ihrem Land oder Ihrer Rechtsordnung in andere L\u00e4nder oder Rechtsordnungen weltweit. Wir erf\u00fcllen die Anforderungen der DSGVO und sorgen f\u00fcr einen angemessenen Schutz bei der \u00dcbertragung personenbezogener Daten aus Europa an Dritte, insbesondere durch Abschluss der von der Europ\u00e4ischen Kommission genehmigten Standardvertragsklauseln. Durch die \u00dcbermittlung Ihrer personenbezogenen Daten stimmen Sie dieser \u00dcbertragung, Speicherung und Verarbeitung zu.<\/p>\n<h2 class=\"common-fonts title-36 margin-top-50 with-mobile-indents mobile-margin-top-30 text-wrap-pretty\">Protokolldateien<\/h2>\n<p class=\"text-wrap-pretty\">Digicode folgt einem Standardverfahren zur Nutzung von Protokolldateien. Diese Dateien protokollieren Besucher, wenn sie Websites besuchen. Alle Hosting-Unternehmen tun dies als Teil der Analysen ihrer Hosting-Dienste. Die von Protokolldateien gesammelten Informationen umfassen IP-Adressen, Browsertyp, Internetdienstanbieter (ISP), Datum und Uhrzeit, verweisende\/ausgehende Seiten und m\u00f6glicherweise die Anzahl der Klicks. Diese Daten sind nicht mit pers\u00f6nlich identifizierbaren Informationen verkn\u00fcpft. Zweck der Informationen ist die Analyse von Trends, Verwaltung der Website, Nachverfolgung der Bewegung von Nutzern auf der Website und Erhebung demografischer Daten.<\/p>\n<h2 class=\"common-fonts title-36 margin-top-50 with-mobile-indents mobile-margin-top-30 text-wrap-pretty\">Cookies und Web Beacons<\/h2>\n<p class=\"text-wrap-pretty\">Wie jede andere Website verwendet Digicode \u201eCookies\u201c. Diese Cookies werden verwendet, um Informationen zu speichern, einschlie\u00dflich der Pr\u00e4ferenzen der Besucher und der Seiten, die der Besucher auf der Website besucht hat. Die Informationen werden verwendet, um die Benutzererfahrung zu optimieren, indem wir die Inhalte unserer Webseite basierend auf dem Browsertyp des Besuchers und\/oder anderen Informationen anpassen.<\/p>\n<p class=\"text-wrap-pretty\">F\u00fcr allgemeine Informationen zu Cookies lesen Sie bitte mehr auf der Website zum Cookie Consent.<\/p>\n<p class=\"text-wrap-pretty\"><strong>Google DoubleClick DART Cookie<\/strong><\/p>\n<p class=\"text-wrap-pretty\">Google ist einer der Drittanbieter auf unserer Website. Es verwendet ebenfalls Cookies, bekannt als DART-Cookies. Besucher k\u00f6nnen die Verwendung von DART-Cookies ablehnen, indem sie die Datenschutzrichtlinie des Google-Werbe- und Inhaltsnetzwerks unter folgender URL besuchen \u2013 <a href=\"https:\/\/policies.google.com\/technologies\/ads\" target=\"_blank\" rel=\"noreferrer noopener\">https:\/\/policies.google.com\/technologies\/ads<\/a><\/p>\n<p class=\"text-wrap-pretty\"><strong>Unsere Werbepartner<\/strong><\/p>\n<p class=\"text-wrap-pretty\">Einige der Werbetreibenden auf unserer Website k\u00f6nnen Cookies und Web Beacons verwenden. Unsere Werbepartner sind unten aufgef\u00fchrt. Jeder unserer Werbepartner hat seine eigene Datenschutzerkl\u00e4rung f\u00fcr die Verarbeitung von Nutzerdaten. F\u00fcr einen einfacheren Zugriff haben wir auf deren Datenschutzerkl\u00e4rungen verlinkt.<\/p>\n<p class=\"margin-top-50 with-mobile-indents mobile-margin-top-30 text-wrap-pretty\"><strong>Google<\/strong><\/p>\n<p class=\"text-wrap-pretty\"><a href=\"https:\/\/policies.google.com\/\" target=\"_blank\" rel=\"noreferrer noopener\">https:\/\/policies.google.com\/<\/a><\/p>\n<p class=\"text-wrap-pretty\">Datenschutzerkl\u00e4rungen der Werbepartner<\/p>\n<p class=\"text-wrap-pretty\">Sie k\u00f6nnen diese Liste einsehen, um die Datenschutzerkl\u00e4rung jedes Werbepartners von Digicode zu finden.<\/p>\n<p class=\"text-wrap-pretty\">Drittanbieter-Werbeserver oder Werbenetzwerke verwenden Technologien wie Cookies, JavaScript oder Web Beacons, die in ihren jeweiligen Anzeigen und Links auf Digicode verwendet werden und direkt an den Browser der Benutzer gesendet werden. Dabei wird automatisch Ihre IP-Adresse erfasst. Diese Technologien werden verwendet, um die Effektivit\u00e4t ihrer Werbekampagnen zu messen und\/oder um die Werbeinhalte zu personalisieren, die Sie auf besuchten Websites sehen.<\/p>\n<p class=\"text-wrap-pretty\">Bitte beachten Sie, dass Digicode keinen Zugriff auf diese Cookies hat oder deren Verwendung durch Drittanbieter kontrolliert.<\/p>\n<p class=\"margin-top-50 with-mobile-indents mobile-margin-top-30 text-wrap-pretty\"><strong>Datenschutzerkl\u00e4rungen Dritter<\/strong><\/p>\n<p class=\"text-wrap-pretty\">Die Datenschutzerkl\u00e4rung von Digicode gilt nicht f\u00fcr andere Werbetreibende oder Websites. Wir empfehlen Ihnen daher, die jeweiligen Datenschutzerkl\u00e4rungen dieser Drittanbieter-Werbeserver zu konsultieren, um detailliertere Informationen zu erhalten. Diese k\u00f6nnen deren Praktiken und Anweisungen enthalten, wie bestimmte Optionen deaktiviert werden k\u00f6nnen.<\/p>\n<p class=\"text-wrap-pretty\">Sie k\u00f6nnen Cookies \u00fcber die individuellen Browsereinstellungen deaktivieren. Detaillierte Informationen zur Verwaltung von Cookies in bestimmten Webbrowsern finden Sie auf den jeweiligen Websites der Browser.<\/p>\n<p class=\"text-wrap-pretty\">CCPA-Datenschutzrechte (Verkaufen Sie meine pers\u00f6nlichen Daten nicht)<\/p>\n<p class=\"text-wrap-pretty\">Nach dem CCPA haben Verbraucher in Kalifornien unter anderem das Recht:<\/p>\n<p class=\"text-wrap-pretty\">Zu verlangen, dass ein Unternehmen, das personenbezogene Daten eines Verbrauchers sammelt, die Kategorien und spezifischen Daten offenlegt, die \u00fcber den Verbraucher gesammelt wurden.<\/p>\n<p class=\"text-wrap-pretty\">Zu verlangen, dass ein Unternehmen alle personenbezogenen Daten \u00fcber den Verbraucher l\u00f6scht, die es gesammelt hat.<\/p>\n<p class=\"text-wrap-pretty\">Zu verlangen, dass ein Unternehmen, das personenbezogene Daten verkauft, diese nicht verkauft.<\/p>\n<p class=\"text-wrap-pretty\">Wenn Sie eine Anfrage stellen, haben wir einen Monat Zeit, Ihnen zu antworten. Wenn Sie eines dieser Rechte aus\u00fcben m\u00f6chten, kontaktieren Sie uns bitte.<\/p>\n<p class=\"margin-top-50 with-mobile-indents mobile-margin-top-30 text-wrap-pretty\"><strong>DSGVO-Datenschutzrechte<\/strong><\/p>\n<p class=\"text-wrap-pretty\">Wir m\u00f6chten sicherstellen, dass Sie \u00fcber alle Ihre Datenschutzrechte vollst\u00e4ndig informiert sind. Jeder Benutzer hat Anspruch auf Folgendes:<\/p>\n<p class=\"text-wrap-pretty\">Recht auf Zugriff \u2013 Sie haben das Recht, Kopien Ihrer personenbezogenen Daten anzufordern.<\/p>\n<p class=\"text-wrap-pretty\">Recht auf Berichtigung \u2013 Sie haben das Recht, die Korrektur von Informationen zu verlangen, die Sie f\u00fcr ungenau halten. Sie haben auch das Recht, die Vervollst\u00e4ndigung von Informationen zu verlangen, die Sie f\u00fcr unvollst\u00e4ndig halten.<\/p>\n<p class=\"text-wrap-pretty\">Recht auf L\u00f6schung \u2013 Sie haben unter bestimmten Bedingungen das Recht, die L\u00f6schung Ihrer personenbezogenen Daten zu verlangen.<\/p>\n<p class=\"text-wrap-pretty\">Recht auf Einschr\u00e4nkung der Verarbeitung \u2013 Sie haben unter bestimmten Bedingungen das Recht, die Verarbeitung Ihrer personenbezogenen Daten einzuschr\u00e4nken.<\/p>\n<p class=\"text-wrap-pretty\">Recht auf Widerspruch gegen die Verarbeitung \u2013 Sie haben unter bestimmten Bedingungen das Recht, der Verarbeitung Ihrer personenbezogenen Daten zu widersprechen.<\/p>\n<p class=\"text-wrap-pretty\">Recht auf Daten\u00fcbertragbarkeit \u2013 Sie haben unter bestimmten Bedingungen das Recht zu verlangen, dass wir die gesammelten Daten an eine andere Organisation oder direkt an Sie \u00fcbertragen.<\/p>\n<p class=\"text-wrap-pretty\">Wenn Sie eine Anfrage stellen, haben wir einen Monat Zeit, Ihnen zu antworten. Wenn Sie eines dieser Rechte aus\u00fcben m\u00f6chten, kontaktieren Sie uns bitte.<\/p>\n<p class=\"margin-top-50 with-mobile-indents mobile-margin-top-30 text-wrap-pretty\"><strong>Informationen von Kindern<\/strong><\/p>\n<p class=\"text-wrap-pretty\">Ein weiterer Schwerpunkt liegt auf dem Schutz von Kindern bei der Nutzung des Internets. Wir ermutigen Eltern und Erziehungsberechtigte, die Online-Aktivit\u00e4ten ihrer Kinder zu beobachten, daran teilzunehmen und\/oder zu \u00fcberwachen und zu lenken.<\/p>\n<p class=\"text-wrap-pretty\">Digicode sammelt wissentlich keine personenbezogenen Daten von Kindern unter 16 Jahren. Wenn Sie glauben, dass Ihr Kind solche Informationen auf unserer Website bereitgestellt hat, empfehlen wir dringend, uns umgehend zu kontaktieren, und wir werden unser Bestes tun, um diese Informationen schnell aus unseren Aufzeichnungen zu entfernen.<\/p>\n<h2 class=\"common-fonts title-36 margin-top-50 with-mobile-indents mobile-margin-top-30 text-wrap-pretty\">Datenaufbewahrung<\/h2>\n<p class=\"text-wrap-pretty\">Wir bewahren Ihre personenbezogenen Daten so lange auf, wie es notwendig ist, um die Zwecke zu erf\u00fcllen, f\u00fcr die sie gesammelt wurden, wie oben beschrieben. Die Kriterien, die wir zur Bestimmung der Aufbewahrungsdauer personenbezogener Daten verwenden, umfassen unter anderem die Einhaltung gesetzlicher und regulatorischer Anforderungen. Wir k\u00f6nnen Ihre Informationen aufbewahren und verwenden, um unseren gesetzlichen Verpflichtungen nachzukommen, Streitigkeiten zu l\u00f6sen und Missbrauch zu verhindern.<\/p>\n<h2 class=\"common-fonts title-36 margin-top-50 with-mobile-indents mobile-margin-top-30 text-wrap-pretty\">Sicherheit<\/h2>\n<p class=\"text-wrap-pretty\">Wir bem\u00fchen uns, geeignete technische und physische Sicherheitsma\u00dfnahmen zu ergreifen, um Ihre personenbezogenen Daten, die von uns \u00fcbermittelt, gespeichert oder anderweitig verarbeitet werden, vor unbeabsichtigter oder unrechtm\u00e4\u00dfiger Zerst\u00f6rung, Verlust, \u00c4nderung, unbefugter Offenlegung oder Zugriff zu sch\u00fctzen.<\/p>\n<h2 class=\"common-fonts title-36 margin-top-50 with-mobile-indents mobile-margin-top-30 text-wrap-pretty\">\u00c4nderungen unserer Datenschutzerkl\u00e4rung<\/h2>\n<p class=\"text-wrap-pretty\">Wir behalten uns das Recht vor, diese Datenschutzerkl\u00e4rung jederzeit nach eigenem Ermessen zu \u00e4ndern. Wenn wir \u00c4nderungen an dieser Datenschutzerkl\u00e4rung vornehmen, werden diese auf der Website ver\u00f6ffentlicht, damit Sie stets informiert sind, welche Informationen wir sammeln, wie wir diese Informationen verwenden und unter welchen Umst\u00e4nden wir sie weitergeben k\u00f6nnen.<\/p>\n<h2 class=\"common-fonts title-36 margin-top-50 with-mobile-indents mobile-margin-top-30 text-wrap-pretty\">Kontaktaufnahme<\/h2>\n<p class=\"text-wrap-pretty\">Falls Sie Fragen, Kommentare oder Anfragen zu den in dieser Datenschutzerkl\u00e4rung enthaltenen Informationen haben, kontaktieren Sie uns bitte unter <a href=\"mailto:privacy@mydigicode.com\">privacy@mydigicode.com<\/a> oder \u00fcber die auf unserer Website angegebenen Kontaktinformationen.<\/p>\n\r\n    <\/div>\r\n\r\n<\/section>","protected":false},"excerpt":{"rendered":"","protected":false},"author":1,"featured_media":0,"parent":0,"menu_order":0,"comment_status":"closed","ping_status":"open","template":"","meta":{"_acf_changed":true,"footnotes":""},"class_list":["post-57951","page","type-page","status-publish"],"acf":[],"yoast_head":"<!-- This site is optimized with the Yoast SEO plugin v27.2 - https:\/\/yoast.com\/product\/yoast-seo-wordpress\/ -->\n<title>Datenschutzrichtlinie: Schutz Ihrer Daten bei MyDigicode<\/title>\n<meta name=\"description\" content=\"Erfahren Sie, wie MyDigicode Ihre Privatsph\u00e4re sch\u00fctzt. Transparenz, Datensicherheit und verantwortungsvoller Umgang mit pers\u00f6nlichen Informationen stehen im Mittelpunkt.\" \/>\n<meta name=\"robots\" content=\"index, follow, max-snippet:-1, max-image-preview:large, max-video-preview:-1\" \/>\n<link rel=\"canonical\" href=\"https:\/\/www.mydigicode.com\/de\/privacy-policy\/\" \/>\n<meta property=\"og:locale\" content=\"de_DE\" \/>\n<meta property=\"og:type\" content=\"article\" \/>\n<meta property=\"og:title\" content=\"Datenschutzrichtlinie: Schutz Ihrer Daten bei MyDigicode\" \/>\n<meta property=\"og:description\" content=\"Erfahren Sie, wie MyDigicode Ihre Privatsph\u00e4re sch\u00fctzt. Transparenz, Datensicherheit und verantwortungsvoller Umgang mit pers\u00f6nlichen Informationen stehen im Mittelpunkt.\" \/>\n<meta property=\"og:url\" content=\"https:\/\/www.mydigicode.com\/de\/privacy-policy\/\" \/>\n<meta property=\"og:site_name\" content=\"Digicode\" \/>\n<meta property=\"article:publisher\" content=\"https:\/\/www.facebook.com\/mydigicodeus\/\" \/>\n<meta property=\"article:modified_time\" content=\"2026-02-20T08:51:30+00:00\" \/>\n<meta property=\"og:image\" content=\"https:\/\/www.mydigicode.com\/wp-content\/uploads\/2025\/04\/Digicode_Logo_New.png\" \/>\n\t<meta property=\"og:image:width\" content=\"135\" \/>\n\t<meta property=\"og:image:height\" content=\"135\" \/>\n\t<meta property=\"og:image:type\" content=\"image\/png\" \/>\n<meta name=\"twitter:card\" content=\"summary_large_image\" \/>\n<meta name=\"twitter:site\" content=\"@my_digicode\" \/>\n<script type=\"application\/ld+json\" class=\"yoast-schema-graph\">{\"@context\":\"https:\/\/schema.org\",\"@graph\":[{\"@type\":\"WebPage\",\"@id\":\"https:\/\/www.mydigicode.com\/de\/privacy-policy\/\",\"url\":\"https:\/\/www.mydigicode.com\/de\/privacy-policy\/\",\"name\":\"Datenschutzrichtlinie: Schutz Ihrer Daten bei MyDigicode\",\"isPartOf\":{\"@id\":\"https:\/\/www.mydigicode.com\/de\/#website\"},\"datePublished\":\"2021-10-28T11:34:45+00:00\",\"dateModified\":\"2026-02-20T08:51:30+00:00\",\"description\":\"Erfahren Sie, wie MyDigicode Ihre Privatsph\u00e4re sch\u00fctzt. Transparenz, Datensicherheit und verantwortungsvoller Umgang mit pers\u00f6nlichen Informationen stehen im Mittelpunkt.\",\"breadcrumb\":{\"@id\":\"https:\/\/www.mydigicode.com\/de\/privacy-policy\/#breadcrumb\"},\"inLanguage\":\"de\",\"potentialAction\":[{\"@type\":\"ReadAction\",\"target\":[\"https:\/\/www.mydigicode.com\/de\/privacy-policy\/\"]}]},{\"@type\":\"BreadcrumbList\",\"@id\":\"https:\/\/www.mydigicode.com\/de\/privacy-policy\/#breadcrumb\",\"itemListElement\":[{\"@type\":\"ListItem\",\"position\":1,\"name\":\"Home\",\"item\":\"https:\/\/www.mydigicode.com\/de\/\"},{\"@type\":\"ListItem\",\"position\":2,\"name\":\"Privacy Policy\"}]},{\"@type\":\"WebSite\",\"@id\":\"https:\/\/www.mydigicode.com\/de\/#website\",\"url\":\"https:\/\/www.mydigicode.com\/de\/\",\"name\":\"Digicode\",\"description\":\"\",\"publisher\":{\"@id\":\"https:\/\/www.mydigicode.com\/de\/#organization\"},\"potentialAction\":[{\"@type\":\"SearchAction\",\"target\":{\"@type\":\"EntryPoint\",\"urlTemplate\":\"https:\/\/www.mydigicode.com\/de\/?s={search_term_string}\"},\"query-input\":{\"@type\":\"PropertyValueSpecification\",\"valueRequired\":true,\"valueName\":\"search_term_string\"}}],\"inLanguage\":\"de\"},{\"@type\":\"Organization\",\"@id\":\"https:\/\/www.mydigicode.com\/de\/#organization\",\"name\":\"Digicode\",\"url\":\"https:\/\/www.mydigicode.com\/de\/\",\"logo\":{\"@type\":\"ImageObject\",\"inLanguage\":\"de\",\"@id\":\"https:\/\/www.mydigicode.com\/de\/#\/schema\/logo\/image\/\",\"url\":\"https:\/\/www.mydigicode.com\/wp-content\/uploads\/2022\/04\/Digicode.png\",\"contentUrl\":\"https:\/\/www.mydigicode.com\/wp-content\/uploads\/2022\/04\/Digicode.png\",\"width\":1134,\"height\":1134,\"caption\":\"Digicode\"},\"image\":{\"@id\":\"https:\/\/www.mydigicode.com\/de\/#\/schema\/logo\/image\/\"},\"sameAs\":[\"https:\/\/www.facebook.com\/mydigicodeus\/\",\"https:\/\/x.com\/my_digicode\",\"https:\/\/www.linkedin.com\/company\/digicode\",\"https:\/\/www.instagram.com\/my_digicode\",\"https:\/\/bsky.app\/profile\/mydigicode.bsky.social\"]}]}<\/script>\n<!-- \/ Yoast SEO plugin. -->","yoast_head_json":{"title":"Datenschutzrichtlinie: Schutz Ihrer Daten bei MyDigicode","description":"Erfahren Sie, wie MyDigicode Ihre Privatsph\u00e4re sch\u00fctzt. Transparenz, Datensicherheit und verantwortungsvoller Umgang mit pers\u00f6nlichen Informationen stehen im Mittelpunkt.","robots":{"index":"index","follow":"follow","max-snippet":"max-snippet:-1","max-image-preview":"max-image-preview:large","max-video-preview":"max-video-preview:-1"},"canonical":"https:\/\/www.mydigicode.com\/de\/privacy-policy\/","og_locale":"de_DE","og_type":"article","og_title":"Datenschutzrichtlinie: Schutz Ihrer Daten bei MyDigicode","og_description":"Erfahren Sie, wie MyDigicode Ihre Privatsph\u00e4re sch\u00fctzt. Transparenz, Datensicherheit und verantwortungsvoller Umgang mit pers\u00f6nlichen Informationen stehen im Mittelpunkt.","og_url":"https:\/\/www.mydigicode.com\/de\/privacy-policy\/","og_site_name":"Digicode","article_publisher":"https:\/\/www.facebook.com\/mydigicodeus\/","article_modified_time":"2026-02-20T08:51:30+00:00","og_image":[{"width":135,"height":135,"url":"https:\/\/www.mydigicode.com\/wp-content\/uploads\/2025\/04\/Digicode_Logo_New.png","type":"image\/png"}],"twitter_card":"summary_large_image","twitter_site":"@my_digicode","schema":{"@context":"https:\/\/schema.org","@graph":[{"@type":"WebPage","@id":"https:\/\/www.mydigicode.com\/de\/privacy-policy\/","url":"https:\/\/www.mydigicode.com\/de\/privacy-policy\/","name":"Datenschutzrichtlinie: Schutz Ihrer Daten bei MyDigicode","isPartOf":{"@id":"https:\/\/www.mydigicode.com\/de\/#website"},"datePublished":"2021-10-28T11:34:45+00:00","dateModified":"2026-02-20T08:51:30+00:00","description":"Erfahren Sie, wie MyDigicode Ihre Privatsph\u00e4re sch\u00fctzt. Transparenz, Datensicherheit und verantwortungsvoller Umgang mit pers\u00f6nlichen Informationen stehen im Mittelpunkt.","breadcrumb":{"@id":"https:\/\/www.mydigicode.com\/de\/privacy-policy\/#breadcrumb"},"inLanguage":"de","potentialAction":[{"@type":"ReadAction","target":["https:\/\/www.mydigicode.com\/de\/privacy-policy\/"]}]},{"@type":"BreadcrumbList","@id":"https:\/\/www.mydigicode.com\/de\/privacy-policy\/#breadcrumb","itemListElement":[{"@type":"ListItem","position":1,"name":"Home","item":"https:\/\/www.mydigicode.com\/de\/"},{"@type":"ListItem","position":2,"name":"Privacy Policy"}]},{"@type":"WebSite","@id":"https:\/\/www.mydigicode.com\/de\/#website","url":"https:\/\/www.mydigicode.com\/de\/","name":"Digicode","description":"","publisher":{"@id":"https:\/\/www.mydigicode.com\/de\/#organization"},"potentialAction":[{"@type":"SearchAction","target":{"@type":"EntryPoint","urlTemplate":"https:\/\/www.mydigicode.com\/de\/?s={search_term_string}"},"query-input":{"@type":"PropertyValueSpecification","valueRequired":true,"valueName":"search_term_string"}}],"inLanguage":"de"},{"@type":"Organization","@id":"https:\/\/www.mydigicode.com\/de\/#organization","name":"Digicode","url":"https:\/\/www.mydigicode.com\/de\/","logo":{"@type":"ImageObject","inLanguage":"de","@id":"https:\/\/www.mydigicode.com\/de\/#\/schema\/logo\/image\/","url":"https:\/\/www.mydigicode.com\/wp-content\/uploads\/2022\/04\/Digicode.png","contentUrl":"https:\/\/www.mydigicode.com\/wp-content\/uploads\/2022\/04\/Digicode.png","width":1134,"height":1134,"caption":"Digicode"},"image":{"@id":"https:\/\/www.mydigicode.com\/de\/#\/schema\/logo\/image\/"},"sameAs":["https:\/\/www.facebook.com\/mydigicodeus\/","https:\/\/x.com\/my_digicode","https:\/\/www.linkedin.com\/company\/digicode","https:\/\/www.instagram.com\/my_digicode","https:\/\/bsky.app\/profile\/mydigicode.bsky.social"]}]}},"_links":{"self":[{"href":"https:\/\/www.mydigicode.com\/de\/wp-json\/wp\/v2\/pages\/57951","targetHints":{"allow":["GET"]}}],"collection":[{"href":"https:\/\/www.mydigicode.com\/de\/wp-json\/wp\/v2\/pages"}],"about":[{"href":"https:\/\/www.mydigicode.com\/de\/wp-json\/wp\/v2\/types\/page"}],"author":[{"embeddable":true,"href":"https:\/\/www.mydigicode.com\/de\/wp-json\/wp\/v2\/users\/1"}],"replies":[{"embeddable":true,"href":"https:\/\/www.mydigicode.com\/de\/wp-json\/wp\/v2\/comments?post=57951"}],"version-history":[{"count":0,"href":"https:\/\/www.mydigicode.com\/de\/wp-json\/wp\/v2\/pages\/57951\/revisions"}],"wp:attachment":[{"href":"https:\/\/www.mydigicode.com\/de\/wp-json\/wp\/v2\/media?parent=57951"}],"curies":[{"name":"wp","href":"https:\/\/api.w.org\/{rel}","templated":true}]}}